

{"id":241,"date":"2017-07-04T23:31:24","date_gmt":"2017-07-04T23:31:24","guid":{"rendered":"http:\/\/ukrainecalling.eu\/uk\/impressum\/"},"modified":"2019-07-09T13:08:23","modified_gmt":"2019-07-09T13:08:23","slug":"impressum","status":"publish","type":"page","link":"https:\/\/ukrainecalling.eu\/uk\/impressum\/","title":{"rendered":"Impressum"},"content":{"rendered":"<p><b>Verantwortlicher f\u00fcr diese Webseite ist nach \u00a7 5 TMG:<\/b><br \/>\nEuropa-Universit\u00e4t Viadrina Frankfurt (Oder),<br \/>\nGro\u00dfe Scharrnstra\u00dfe 59,<br \/>\nD-15230 Frankfurt (Oder)<\/p>\n<p>Die Europa-Universit\u00e4t Viadrina Frankfurt (Oder) ist eine staatliche Hochschule und\u00a0K\u00f6rperschaft des \u00f6ffentlichen Rechtes nach dem <a href=\"http:\/\/bravors.brandenburg.de\/de\/vorschriften_schnellsuche\">Brandenburgischem Hochschulgesetz<\/a>.<br \/>\nDie Europa-Universit\u00e4t Viadrina Frankfurt (Oder) wird nach au\u00dfen vertreten durch die Pr\u00e4sidentin Frau\u00a0Prof. Dr. Julia von Blumenthal.<\/p>\n<p>Tr\u00e4ger der Universit\u00e4t ist die <a href=\"https:\/\/www.europa-uni.de\/de\/struktur\/stiftung\/index.html\">Stiftung Europa-Universit\u00e4t Viadrina<\/a>,<br \/>\nGro\u00dfe Scharrnstra\u00dfe 59,<br \/>\nD-15230 Frankfurt (Oder),<br \/>\neine Stiftung des \u00f6ffentlichen Rechts.<\/p>\n<p>Die Stiftung Europa-Universit\u00e4t Viadrina Frankfurt (Oder) wird nach au\u00dfen vertreten durch den\u00a0Stiftungsvorstand, dieser vertreten durch die Pr\u00e4sidentin Frau\u00a0Prof. Dr. Julia von Blumenthal.<\/p>\n<p>N\u00e4here Informationen sowie die Rechtsgrundlagen zur Struktur und Organisation der Europa-Universit\u00e4t Viadrina sowie der Stiftung Europa-Universit\u00e4t Viadrina finden Sie hier:<br \/>\n<a href=\"https:\/\/www.europa-uni.de\/de\/ueber_uns\/index.html\">https:\/\/www.europa-uni.de\/de\/ueber_uns\/index.html<\/a><\/p>\n<p><b>Rechtsaufsicht<\/b><br \/>\nGem\u00e4\u00df \u00a7 2 Abs. 4 <a href=\"https:\/\/www.europa-uni.de\/de\/struktur\/stiftung\/gesetze\/index.html\">StiftG-EUV<\/a> \u00fcbt die <a href=\"https:\/\/www.europa-uni.de\/de\/struktur\/stiftung\/index.html\">Stiftung Europa-Universit\u00e4t Viadrina Frankfurt (Oder)<\/a> die Rechtsaufsicht \u00fcber die <a href=\"https:\/\/www.europa-uni.de\/de\/index.html\">Europa-Universit\u00e4t Viadrina Frankfurt (Oder)<\/a> durch den <a href=\"https:\/\/www.europa-uni.de\/de\/struktur\/stiftung\/stiftungsrat\/index.html\">Stiftungsrat<\/a> nach \u00a7 8 Absatz 2 Satz 2 Ziffer 8 <a href=\"https:\/\/www.europa-uni.de\/de\/struktur\/stiftung\/gesetze\/index.html\">StiftG-EUV<\/a> aus:<\/p>\n<p>Stiftung Europa-Universit\u00e4t Viadrina,<br \/>\nStiftungsrat, Gesch\u00e4ftsstelle,<br \/>\nGro\u00dfe Scharrnstra\u00dfe 59,<br \/>\nD-15230 Frankfurt (Oder)<\/p>\n<p>Gem\u00e4\u00df \u00a7 17 Abs. 1 <a href=\"https:\/\/www.europa-uni.de\/de\/struktur\/stiftung\/gesetze\/index.html\">StiftG-EUV<\/a> \u00fcbt das Ministerium f\u00fcr Wissenschaft, Forschung und Kultur (MWFK) des Landes Brandenburg die Rechtsaufsicht \u00fcber die Stiftung Europa-Universit\u00e4t Viadrina Frankfurt (Oder) aus:<\/p>\n<p>Dortustr. 36,<br \/>\n14467 Potsdam<\/p>\n<p>Telefon: +49 331 866 4999<br \/>\nFax: +49 331 866 4998<br \/>\nE-Mail: mwfk [at] mwfk.brandenburg.de<\/p>\n<p><b>Postanschrift:<\/b><br \/>\nStiftung Europa-Universit\u00e4t Viadrina Frankfurt (Oder)<br \/>\nGro\u00dfe Scharrnstra\u00dfe 59<br \/>\nD-15230 Frankfurt (Oder)<\/p>\n<p><b>Kontakt:<\/b><br \/>\n<b>Tel. <\/b>+49 (0) 335 5534 4275<br \/>\n<b>Fax<\/b> +49 (0) 335 5534 74275<br \/>\n<b>E-Mail:<\/b> info [at] ukrainecalling.eu<\/p>\n<p><b>Umsatzsteuer-Identifikationsnummer:<\/b> DE 152010177<\/p>\n<p><a href=\"https:\/\/www.europa-uni.de\/de\/_webmaster\/EUV-Datenschutz.html\"><b>Datenschutzerkl\u00e4rung<\/b><\/a><\/p>\n<p><a href=\"https:\/\/www.europa-uni.de\/de\/_webmaster\/EUV-Disclaimer.html\"><b>Disclaimer und Urheberrecht<\/b><\/a><\/p>\n<p><b>Verantwortlich f\u00fcr redaktionelle Inhalte<br \/>\nnach \u00a7 55 Rundfunkstaatsvertrag:<\/b><\/p>\n<p>Stefan Henkel<br \/>\nProjektleiter <em>Ukraine Calling<\/em><br \/>\nEuropa-Universit\u00e4t Viadrina Frankfurt (Oder)<br \/>\nGro\u00dfe Scharrnstra\u00dfe 59<br \/>\nD-15230 Frankfurt (Oder)<\/p>\n","protected":false},"excerpt":{"rendered":"<p>Verantwortlicher f\u00fcr diese Webseite ist nach \u00a7 5 TMG: Europa-Universit\u00e4t Viadrina Frankfurt (Oder), Gro\u00dfe Scharrnstra\u00dfe 59, D-15230 Frankfurt (Oder) Die Europa-Universit\u00e4t Viadrina Frankfurt (Oder) ist eine staatliche Hochschule und\u00a0K\u00f6rperschaft des \u00f6ffentlichen Rechtes nach dem Brandenburgischem Hochschulgesetz. Die Europa-Universit\u00e4t Viadrina Frankfurt (Oder) wird nach au\u00dfen vertreten durch die Pr\u00e4sidentin Frau\u00a0Prof. Dr. Julia von Blumenthal. Tr\u00e4ger der [&hellip;]<\/p>\n","protected":false},"author":2,"featured_media":0,"parent":0,"menu_order":0,"comment_status":"closed","ping_status":"closed","template":"","meta":{"footnotes":""},"jetpack_sharing_enabled":true,"jetpack_shortlink":"https:\/\/wp.me\/P9p39o-3T","jetpack_likes_enabled":true,"_links":{"self":[{"href":"https:\/\/ukrainecalling.eu\/uk\/wp-json\/wp\/v2\/pages\/241"}],"collection":[{"href":"https:\/\/ukrainecalling.eu\/uk\/wp-json\/wp\/v2\/pages"}],"about":[{"href":"https:\/\/ukrainecalling.eu\/uk\/wp-json\/wp\/v2\/types\/page"}],"author":[{"embeddable":true,"href":"https:\/\/ukrainecalling.eu\/uk\/wp-json\/wp\/v2\/users\/2"}],"replies":[{"embeddable":true,"href":"https:\/\/ukrainecalling.eu\/uk\/wp-json\/wp\/v2\/comments?post=241"}],"version-history":[{"count":11,"href":"https:\/\/ukrainecalling.eu\/uk\/wp-json\/wp\/v2\/pages\/241\/revisions"}],"predecessor-version":[{"id":3238,"href":"https:\/\/ukrainecalling.eu\/uk\/wp-json\/wp\/v2\/pages\/241\/revisions\/3238"}],"wp:attachment":[{"href":"https:\/\/ukrainecalling.eu\/uk\/wp-json\/wp\/v2\/media?parent=241"}],"curies":[{"name":"wp","href":"https:\/\/api.w.org\/{rel}","templated":true}]}}